{"id":30,"date":"2009-12-23T17:23:38","date_gmt":"2009-12-23T16:23:38","guid":{"rendered":"http:\/\/brumed-marine.com\/es\/?page_id=30"},"modified":"2019-03-27T18:28:27","modified_gmt":"2019-03-27T18:28:27","slug":"objetivos","status":"publish","type":"page","link":"https:\/\/brumed-marine.com\/home\/?page_id=30","title":{"rendered":"Objetivos"},"content":{"rendered":"<ul>\n<li>Dar cobertura para las peritaciones e inspecciones de yates a los propietarios nacionales que tengan sus embarcaciones en las Islas Baleares, y a las empresas del sector n\u00e1utico.<\/li>\n<li>Dar cobertura t\u00e9cnica a potenciales compradores de yates y embarcaciones, para evaluar el estado y condici\u00f3n de \u00e9stas antes de decidirse a comprar.<\/li>\n<li>Dar cobertura t\u00e9cnica a entidades financieras, a\u00a0compa\u00f1\u00edas\u00a0aseguradoras, y a juristas o entidades judiciales.<\/li>\n<li>Ofrecer un servicio de calidad con profesionalidad, personalizado para cada caso.<img decoding=\"async\" loading=\"lazy\" class=\"aligncenter wp-image-1645 size-full\" src=\"https:\/\/brumed-marine.com\/home\/wp-content\/uploads\/2018\/12\/2FEBRERO-2017-min.jpg\" alt=\"\" width=\"1024\" height=\"682\" srcset=\"https:\/\/brumed-marine.com\/home\/wp-content\/uploads\/2018\/12\/2FEBRERO-2017-min.jpg 1024w, https:\/\/brumed-marine.com\/home\/wp-content\/uploads\/2018\/12\/2FEBRERO-2017-min-300x200.jpg 300w, https:\/\/brumed-marine.com\/home\/wp-content\/uploads\/2018\/12\/2FEBRERO-2017-min-768x512.jpg 768w\" sizes=\"(max-width: 1024px) 100vw, 1024px\" \/><\/li>\n<\/ul>\n<p style=\"text-align: center;\">\n","protected":false},"excerpt":{"rendered":"<p>Dar cobertura para las peritaciones e inspecciones de yates a los propietarios nacionales que tengan sus embarcaciones en las Islas Baleares, y a las empresas del sector n\u00e1utico. Dar cobertura t\u00e9cnica a potenciales compradores de yates y embarcaciones, para evaluar el estado y condici\u00f3n de \u00e9stas antes de decidirse a comprar. Dar cobertura t\u00e9cnica a [&hellip;]<\/p>\n","protected":false},"author":2,"featured_media":1657,"parent":0,"menu_order":2,"comment_status":"closed","ping_status":"open","template":"","meta":[],"yoast_head":"<!-- This site is optimized with the Yoast SEO plugin v20.12 - https:\/\/yoast.com\/wordpress\/plugins\/seo\/ -->\n<title>Objetivos | BruMed Marine Surveyors<\/title>\n<meta name=\"robots\" content=\"index, follow, max-snippet:-1, max-image-preview:large, max-video-preview:-1\" \/>\n<link rel=\"canonical\" href=\"https:\/\/brumed-marine.com\/home\/?page_id=30\" \/>\n<meta property=\"og:locale\" content=\"es_ES\" \/>\n<meta property=\"og:type\" content=\"article\" \/>\n<meta property=\"og:title\" content=\"Objetivos | BruMed Marine Surveyors\" \/>\n<meta property=\"og:description\" content=\"Dar cobertura para las peritaciones e inspecciones de yates a los propietarios nacionales que tengan sus embarcaciones en las Islas Baleares, y a las empresas del sector n\u00e1utico. Dar cobertura t\u00e9cnica a potenciales compradores de yates y embarcaciones, para evaluar el estado y condici\u00f3n de \u00e9stas antes de decidirse a comprar. Dar cobertura t\u00e9cnica a [&hellip;]\" \/>\n<meta property=\"og:url\" content=\"https:\/\/brumed-marine.com\/home\/?page_id=30\" \/>\n<meta property=\"og:site_name\" content=\"BruMed Marine Surveyors\" \/>\n<meta property=\"article:modified_time\" content=\"2019-03-27T18:28:27+00:00\" \/>\n<meta property=\"og:image\" content=\"https:\/\/brumed-marine.com\/home\/wp-content\/uploads\/2018\/12\/IMG_20170731_091718-min.jpg\" \/>\n\t<meta property=\"og:image:width\" content=\"3264\" \/>\n\t<meta property=\"og:image:height\" content=\"2448\" \/>\n\t<meta property=\"og:image:type\" content=\"image\/jpeg\" \/>\n<meta name=\"twitter:card\" content=\"summary_large_image\" \/>\n<meta name=\"twitter:site\" content=\"@brumedmarine\" \/>\n<script type=\"application\/ld+json\" class=\"yoast-schema-graph\">{\"@context\":\"https:\/\/schema.org\",\"@graph\":[{\"@type\":\"WebPage\",\"@id\":\"https:\/\/brumed-marine.com\/home\/?page_id=30\",\"url\":\"https:\/\/brumed-marine.com\/home\/?page_id=30\",\"name\":\"Objetivos | BruMed Marine Surveyors\",\"isPartOf\":{\"@id\":\"https:\/\/brumed-marine.com\/home\/#website\"},\"datePublished\":\"2009-12-23T16:23:38+00:00\",\"dateModified\":\"2019-03-27T18:28:27+00:00\",\"breadcrumb\":{\"@id\":\"https:\/\/brumed-marine.com\/home\/?page_id=30#breadcrumb\"},\"inLanguage\":\"es\",\"potentialAction\":[{\"@type\":\"ReadAction\",\"target\":[\"https:\/\/brumed-marine.com\/home\/?page_id=30\"]}]},{\"@type\":\"BreadcrumbList\",\"@id\":\"https:\/\/brumed-marine.com\/home\/?page_id=30#breadcrumb\",\"itemListElement\":[{\"@type\":\"ListItem\",\"position\":1,\"name\":\"Portada\",\"item\":\"https:\/\/brumed-marine.com\/home\/\"},{\"@type\":\"ListItem\",\"position\":2,\"name\":\"Objetivos\"}]},{\"@type\":\"WebSite\",\"@id\":\"https:\/\/brumed-marine.com\/home\/#website\",\"url\":\"https:\/\/brumed-marine.com\/home\/\",\"name\":\"BruMed Marine Surveyors\",\"description\":\"Al servicio de la n\u00e1utica y de sus usuarios\",\"publisher\":{\"@id\":\"https:\/\/brumed-marine.com\/home\/#organization\"},\"potentialAction\":[{\"@type\":\"SearchAction\",\"target\":{\"@type\":\"EntryPoint\",\"urlTemplate\":\"https:\/\/brumed-marine.com\/home\/?s={search_term_string}\"},\"query-input\":\"required name=search_term_string\"}],\"inLanguage\":\"es\"},{\"@type\":\"Organization\",\"@id\":\"https:\/\/brumed-marine.com\/home\/#organization\",\"name\":\"BruMed Marine Surveyors\",\"url\":\"https:\/\/brumed-marine.com\/home\/\",\"logo\":{\"@type\":\"ImageObject\",\"inLanguage\":\"es\",\"@id\":\"https:\/\/brumed-marine.com\/home\/#\/schema\/logo\/image\/\",\"url\":\"https:\/\/brumed-marine.com\/home\/wp-content\/uploads\/2018\/07\/cropped-Logo-BMS-Lloyds-finalitzat-e1534070371548.png\",\"contentUrl\":\"https:\/\/brumed-marine.com\/home\/wp-content\/uploads\/2018\/07\/cropped-Logo-BMS-Lloyds-finalitzat-e1534070371548.png\",\"width\":704,\"height\":204,\"caption\":\"BruMed Marine Surveyors\"},\"image\":{\"@id\":\"https:\/\/brumed-marine.com\/home\/#\/schema\/logo\/image\/\"},\"sameAs\":[\"https:\/\/twitter.com\/brumedmarine\"]}]}<\/script>\n<!-- \/ Yoast SEO plugin. -->","yoast_head_json":{"title":"Objetivos | BruMed Marine Surveyors","robots":{"index":"index","follow":"follow","max-snippet":"max-snippet:-1","max-image-preview":"max-image-preview:large","max-video-preview":"max-video-preview:-1"},"canonical":"https:\/\/brumed-marine.com\/home\/?page_id=30","og_locale":"es_ES","og_type":"article","og_title":"Objetivos | BruMed Marine Surveyors","og_description":"Dar cobertura para las peritaciones e inspecciones de yates a los propietarios nacionales que tengan sus embarcaciones en las Islas Baleares, y a las empresas del sector n\u00e1utico. Dar cobertura t\u00e9cnica a potenciales compradores de yates y embarcaciones, para evaluar el estado y condici\u00f3n de \u00e9stas antes de decidirse a comprar. Dar cobertura t\u00e9cnica a [&hellip;]","og_url":"https:\/\/brumed-marine.com\/home\/?page_id=30","og_site_name":"BruMed Marine Surveyors","article_modified_time":"2019-03-27T18:28:27+00:00","og_image":[{"width":3264,"height":2448,"url":"https:\/\/brumed-marine.com\/home\/wp-content\/uploads\/2018\/12\/IMG_20170731_091718-min.jpg","type":"image\/jpeg"}],"twitter_card":"summary_large_image","twitter_site":"@brumedmarine","schema":{"@context":"https:\/\/schema.org","@graph":[{"@type":"WebPage","@id":"https:\/\/brumed-marine.com\/home\/?page_id=30","url":"https:\/\/brumed-marine.com\/home\/?page_id=30","name":"Objetivos | BruMed Marine Surveyors","isPartOf":{"@id":"https:\/\/brumed-marine.com\/home\/#website"},"datePublished":"2009-12-23T16:23:38+00:00","dateModified":"2019-03-27T18:28:27+00:00","breadcrumb":{"@id":"https:\/\/brumed-marine.com\/home\/?page_id=30#breadcrumb"},"inLanguage":"es","potentialAction":[{"@type":"ReadAction","target":["https:\/\/brumed-marine.com\/home\/?page_id=30"]}]},{"@type":"BreadcrumbList","@id":"https:\/\/brumed-marine.com\/home\/?page_id=30#breadcrumb","itemListElement":[{"@type":"ListItem","position":1,"name":"Portada","item":"https:\/\/brumed-marine.com\/home\/"},{"@type":"ListItem","position":2,"name":"Objetivos"}]},{"@type":"WebSite","@id":"https:\/\/brumed-marine.com\/home\/#website","url":"https:\/\/brumed-marine.com\/home\/","name":"BruMed Marine Surveyors","description":"Al servicio de la n\u00e1utica y de sus usuarios","publisher":{"@id":"https:\/\/brumed-marine.com\/home\/#organization"},"potentialAction":[{"@type":"SearchAction","target":{"@type":"EntryPoint","urlTemplate":"https:\/\/brumed-marine.com\/home\/?s={search_term_string}"},"query-input":"required name=search_term_string"}],"inLanguage":"es"},{"@type":"Organization","@id":"https:\/\/brumed-marine.com\/home\/#organization","name":"BruMed Marine Surveyors","url":"https:\/\/brumed-marine.com\/home\/","logo":{"@type":"ImageObject","inLanguage":"es","@id":"https:\/\/brumed-marine.com\/home\/#\/schema\/logo\/image\/","url":"https:\/\/brumed-marine.com\/home\/wp-content\/uploads\/2018\/07\/cropped-Logo-BMS-Lloyds-finalitzat-e1534070371548.png","contentUrl":"https:\/\/brumed-marine.com\/home\/wp-content\/uploads\/2018\/07\/cropped-Logo-BMS-Lloyds-finalitzat-e1534070371548.png","width":704,"height":204,"caption":"BruMed Marine Surveyors"},"image":{"@id":"https:\/\/brumed-marine.com\/home\/#\/schema\/logo\/image\/"},"sameAs":["https:\/\/twitter.com\/brumedmarine"]}]}},"_links":{"self":[{"href":"https:\/\/brumed-marine.com\/home\/index.php?rest_route=\/wp\/v2\/pages\/30"}],"collection":[{"href":"https:\/\/brumed-marine.com\/home\/index.php?rest_route=\/wp\/v2\/pages"}],"about":[{"href":"https:\/\/brumed-marine.com\/home\/index.php?rest_route=\/wp\/v2\/types\/page"}],"author":[{"embeddable":true,"href":"https:\/\/brumed-marine.com\/home\/index.php?rest_route=\/wp\/v2\/users\/2"}],"replies":[{"embeddable":true,"href":"https:\/\/brumed-marine.com\/home\/index.php?rest_route=%2Fwp%2Fv2%2Fcomments&post=30"}],"version-history":[{"count":6,"href":"https:\/\/brumed-marine.com\/home\/index.php?rest_route=\/wp\/v2\/pages\/30\/revisions"}],"predecessor-version":[{"id":1795,"href":"https:\/\/brumed-marine.com\/home\/index.php?rest_route=\/wp\/v2\/pages\/30\/revisions\/1795"}],"wp:featuredmedia":[{"embeddable":true,"href":"https:\/\/brumed-marine.com\/home\/index.php?rest_route=\/wp\/v2\/media\/1657"}],"wp:attachment":[{"href":"https:\/\/brumed-marine.com\/home\/index.php?rest_route=%2Fwp%2Fv2%2Fmedia&parent=30"}],"curies":[{"name":"wp","href":"https:\/\/api.w.org\/{rel}","templated":true}]}}