{"id":1453,"date":"2018-07-16T11:34:49","date_gmt":"2018-07-16T11:34:49","guid":{"rendered":"https:\/\/brumed-marine.com\/brumed_nova\/?page_id=1453"},"modified":"2025-05-01T18:37:08","modified_gmt":"2025-05-01T18:37:08","slug":"training-and-experience","status":"publish","type":"page","link":"https:\/\/brumed-marine.com\/home\/?page_id=1453&lang=en","title":{"rendered":"Training and experience"},"content":{"rendered":"\t\t<div data-elementor-type=\"wp-page\" data-elementor-id=\"1453\" class=\"elementor elementor-1453\">\n\t\t\t\t\t\t<div class=\"elementor-inner\">\n\t\t\t\t<div class=\"elementor-section-wrap\">\n\t\t\t\t\t\t\t\t\t<section class=\"elementor-section elementor-top-section elementor-element elementor-element-3fdd4ddb elementor-section-boxed elementor-section-height-default elementor-section-height-default\" data-id=\"3fdd4ddb\" data-element_type=\"section\">\n\t\t\t\t\t\t<div class=\"elementor-container elementor-column-gap-default\">\n\t\t\t\t\t\t\t<div class=\"elementor-row\">\n\t\t\t\t\t<div class=\"elementor-column elementor-col-100 elementor-top-column elementor-element elementor-element-0aadc97\" data-id=\"0aadc97\" data-element_type=\"column\">\n\t\t\t<div class=\"elementor-column-wrap\">\n\t\t\t\t\t\t\t<div class=\"elementor-widget-wrap\">\n\t\t\t\t\t\t\t\t<\/div>\n\t\t\t\t\t<\/div>\n\t\t<\/div>\n\t\t\t\t\t\t\t\t<\/div>\n\t\t\t\t\t<\/div>\n\t\t<\/section>\n\t\t\t\t<section class=\"elementor-section elementor-top-section elementor-element elementor-element-5814ac6 elementor-section-boxed elementor-section-height-default elementor-section-height-default\" data-id=\"5814ac6\" data-element_type=\"section\">\n\t\t\t\t\t\t<div class=\"elementor-container elementor-column-gap-default\">\n\t\t\t\t\t\t\t<div class=\"elementor-row\">\n\t\t\t\t\t<div class=\"elementor-column elementor-col-100 elementor-top-column elementor-element elementor-element-27b55ee\" data-id=\"27b55ee\" data-element_type=\"column\">\n\t\t\t<div class=\"elementor-column-wrap elementor-element-populated\">\n\t\t\t\t\t\t\t<div class=\"elementor-widget-wrap\">\n\t\t\t\t\t\t<div class=\"elementor-element elementor-element-860f292 elementor-widget elementor-widget-text-editor\" data-id=\"860f292\" data-element_type=\"widget\" data-widget_type=\"text-editor.default\">\n\t\t\t\t<div class=\"elementor-widget-container\">\n\t\t\t\t\t\t\t\t<div class=\"elementor-text-editor elementor-clearfix\">\n\t\t\t\t<p><img decoding=\"async\" loading=\"lazy\" class=\"alignnone  wp-image-1627\" src=\"https:\/\/brumed-marine.com\/home\/wp-content\/uploads\/2018\/08\/Logo_of_the_Royal_Institution_of_Naval_Architects-212x300.jpg\" alt=\"\" width=\"189\" height=\"267\" srcset=\"https:\/\/brumed-marine.com\/home\/wp-content\/uploads\/2018\/08\/Logo_of_the_Royal_Institution_of_Naval_Architects-212x300.jpg 212w, https:\/\/brumed-marine.com\/home\/wp-content\/uploads\/2018\/08\/Logo_of_the_Royal_Institution_of_Naval_Architects.jpg 250w\" sizes=\"(max-width: 189px) 100vw, 189px\" \/> <img decoding=\"async\" loading=\"lazy\" class=\"alignnone  wp-image-1625\" src=\"https:\/\/brumed-marine.com\/home\/wp-content\/uploads\/2018\/08\/ulpgc.png\" alt=\"\" width=\"264\" height=\"172\" \/> <img decoding=\"async\" loading=\"lazy\" class=\"alignnone  wp-image-1623\" src=\"https:\/\/brumed-marine.com\/home\/wp-content\/uploads\/2018\/08\/EURING-LOGO-e1531910233473.png\" alt=\"\" width=\"171\" height=\"171\" \/><img decoding=\"async\" loading=\"lazy\" class=\"alignnone  wp-image-1628\" src=\"https:\/\/brumed-marine.com\/home\/wp-content\/uploads\/2018\/08\/descarga.jpg\" alt=\"\" width=\"154\" height=\"155\" srcset=\"https:\/\/brumed-marine.com\/home\/wp-content\/uploads\/2018\/08\/descarga.jpg 224w, https:\/\/brumed-marine.com\/home\/wp-content\/uploads\/2018\/08\/descarga-150x150.jpg 150w\" sizes=\"(max-width: 154px) 100vw, 154px\" \/><img decoding=\"async\" loading=\"lazy\" class=\"alignnone  wp-image-1622\" src=\"https:\/\/brumed-marine.com\/home\/wp-content\/uploads\/2018\/08\/Logo-APCAS-color-220x300.jpg\" alt=\"\" width=\"136\" height=\"185\" srcset=\"https:\/\/brumed-marine.com\/home\/wp-content\/uploads\/2018\/08\/Logo-APCAS-color-220x300.jpg 220w, https:\/\/brumed-marine.com\/home\/wp-content\/uploads\/2018\/08\/Logo-APCAS-color-768x1048.jpg 768w, https:\/\/brumed-marine.com\/home\/wp-content\/uploads\/2018\/08\/Logo-APCAS-color-751x1024.jpg 751w\" sizes=\"(max-width: 136px) 100vw, 136px\" \/><\/p><p style=\"margin-bottom: 7.5pt; line-height: normal; background-image: initial; background-position: initial; background-size: initial; background-repeat: initial; background-attachment: initial; background-origin: initial; background-clip: initial;\"><span style=\"font-family: Roboto;\">Our team is made up by Naval Architects and Marine Surveyors with official degrees and diplomas in Marine Surveying &amp; Casualty Investigations. We work together, to use knowledge and experience of the team, in the benefit of our customers. We deliver this benefit to the customer through the reports.<\/span><\/p><p style=\"margin-bottom: 7.5pt; line-height: normal; background-image: initial; background-position: initial; background-size: initial; background-repeat: initial; background-attachment: initial; background-origin: initial; background-clip: initial;\"><span style=\"font-family: Roboto;\">Our surveyors are in daily contact with different branches of the marine industry, and they follow programs of Continuous Professional Development (CPD) to be updated, and give a top quality service to the customers.<\/span><\/p><p style=\"margin-bottom: 7.5pt; line-height: normal; background-image: initial; background-position: initial; background-size: initial; background-repeat: initial; background-attachment: initial; background-origin: initial; background-clip: initial;\"><span style=\"font-family: Roboto;\">Our team has wide experience in:<br \/>\u2022 Yachts &amp; Superyachts surveys (both leisure and commercial)<br \/>\u2022 Commercial Vessels Surveys<br \/>\u2022 Fishing Vessels surveys<br \/>\u2022 All kinds of surveys through Insurance companies and P&amp;I Clubs<\/span><\/p><p style=\"margin-bottom: 7.5pt; line-height: normal; background-image: initial; background-position: initial; background-size: initial; background-repeat: initial; background-attachment: initial; background-origin: initial; background-clip: initial;\"><span style=\"font-family: Roboto;\">We are members of the following institutions:<\/span><\/p><ul type=\"disc\"><li style=\"line-height: normal; background-image: initial; background-position: initial; background-size: initial; background-repeat: initial; background-attachment: initial; background-origin: initial; background-clip: initial;\"><b><span style=\"font-family: Roboto; mso-fareast-font-family: 'Times New Roman'; mso-bidi-font-family: 'Times New Roman'; mso-font-kerning: 0pt; mso-ligatures: none; mso-ansi-language: EN-GB; mso-fareast-language: EN-GB;\">Colegio Oficial de Ingenieros T\u00e9cnicos Navales<\/span><\/b><span style=\"font-family: Roboto; mso-fareast-font-family: 'Times New Roman'; mso-bidi-font-family: 'Times New Roman'; mso-font-kerning: 0pt; mso-ligatures: none; mso-ansi-language: EN-GB; mso-fareast-language: EN-GB;\">\u00a0(C.O.P.I.T.N.), the Naval Architect Association in Madrid (Spain)<\/span><\/li><li style=\"line-height: normal; background-image: initial; background-position: initial; background-size: initial; background-repeat: initial; background-attachment: initial; background-origin: initial; background-clip: initial;\"><b><span style=\"font-family: Roboto; mso-fareast-font-family: 'Times New Roman'; mso-bidi-font-family: 'Times New Roman'; mso-font-kerning: 0pt; mso-ligatures: none; mso-ansi-language: EN-GB; mso-fareast-language: EN-GB;\">International Institute of Marine Surveying<\/span><\/b><span style=\"font-family: Roboto; mso-fareast-font-family: 'Times New Roman'; mso-bidi-font-family: 'Times New Roman'; mso-font-kerning: 0pt; mso-ligatures: none; mso-ansi-language: EN-GB; mso-fareast-language: EN-GB;\">\u00a0(I.I.M.S.) in the United Kingdom<\/span><\/li><li style=\"line-height: normal; background-image: initial; background-position: initial; background-size: initial; background-repeat: initial; background-attachment: initial; background-origin: initial; background-clip: initial;\"><b><span style=\"font-family: Roboto; mso-fareast-font-family: 'Times New Roman'; mso-bidi-font-family: 'Times New Roman'; mso-font-kerning: 0pt; mso-ligatures: none; mso-ansi-language: EN-GB; mso-fareast-language: EN-GB;\">F\u00e9d\u00e9ration Europ\u00e9enne d\u2019Associations Nationales d\u2019Ing\u00e9nieurs<\/span><\/b><span style=\"font-family: Roboto; mso-fareast-font-family: 'Times New Roman'; mso-bidi-font-family: 'Times New Roman'; mso-font-kerning: 0pt; mso-ligatures: none; mso-ansi-language: EN-GB; mso-fareast-language: EN-GB;\">\u00a0(F.E.A.N.I.) with head office in Brussels (Belgium)<\/span><\/li><li style=\"line-height: normal; background-image: initial; background-position: initial; background-size: initial; background-repeat: initial; background-attachment: initial; background-origin: initial; background-clip: initial;\"><b><span style=\"font-family: Roboto; mso-fareast-font-family: 'Times New Roman'; mso-bidi-font-family: 'Times New Roman'; mso-font-kerning: 0pt; mso-ligatures: none; mso-ansi-language: EN-GB; mso-fareast-language: EN-GB;\">Spanish Insurance Surveyors Association<\/span><\/b><span style=\"font-family: Roboto; mso-fareast-font-family: 'Times New Roman'; mso-bidi-font-family: 'Times New Roman'; mso-font-kerning: 0pt; mso-ligatures: none; mso-ansi-language: EN-GB; mso-fareast-language: EN-GB;\">\u00a0(A.P.C.A.S.) with head office in Madrid (Spain)<\/span><\/li><li style=\"line-height: normal; background-image: initial; background-position: initial; background-size: initial; background-repeat: initial; background-attachment: initial; background-origin: initial; background-clip: initial;\"><b><span style=\"font-family: Roboto; mso-fareast-font-family: 'Times New Roman'; mso-bidi-font-family: 'Times New Roman'; mso-font-kerning: 0pt; mso-ligatures: none; mso-ansi-language: EN-GB; mso-fareast-language: EN-GB;\">The Royal Institution of Naval Architects<\/span><\/b><span style=\"font-family: Roboto; mso-fareast-font-family: 'Times New Roman'; mso-bidi-font-family: 'Times New Roman'; mso-font-kerning: 0pt; mso-ligatures: none; mso-ansi-language: EN-GB; mso-fareast-language: EN-GB;\">\u00a0(R.I.N.A.) in the United Kingdom<\/span><\/li><\/ul><div><span style=\"font-family: Roboto;\">\u00a0<\/span><\/div>\t\t\t\t\t<\/div>\n\t\t\t\t\t\t<\/div>\n\t\t\t\t<\/div>\n\t\t\t\t\t\t<\/div>\n\t\t\t\t\t<\/div>\n\t\t<\/div>\n\t\t\t\t\t\t\t\t<\/div>\n\t\t\t\t\t<\/div>\n\t\t<\/section>\n\t\t\t\t\t\t\t\t\t<\/div>\n\t\t\t<\/div>\n\t\t\t\t\t<\/div>\n\t\t","protected":false},"excerpt":{"rendered":"<p>Our team is made up by Naval Architects and Marine Surveyors with official degrees and diplomas in Marine Surveying &amp; Casualty Investigations. We work together, to use knowledge and experience of the team, in the benefit of our customers. We deliver this benefit to the customer through the reports. Our surveyors are in daily contact [&hellip;]<\/p>\n","protected":false},"author":3,"featured_media":1660,"parent":0,"menu_order":4,"comment_status":"closed","ping_status":"open","template":"","meta":[],"yoast_head":"<!-- This site is optimized with the Yoast SEO plugin v20.12 - https:\/\/yoast.com\/wordpress\/plugins\/seo\/ -->\n<title>Training and experience | BruMed Marine Surveyors<\/title>\n<meta name=\"robots\" content=\"index, follow, max-snippet:-1, max-image-preview:large, max-video-preview:-1\" \/>\n<link rel=\"canonical\" href=\"https:\/\/brumed-marine.com\/home\/?page_id=1453&lang=en\" \/>\n<meta property=\"og:locale\" content=\"es_ES\" \/>\n<meta property=\"og:type\" content=\"article\" \/>\n<meta property=\"og:title\" content=\"Training and experience | BruMed Marine Surveyors\" \/>\n<meta property=\"og:description\" content=\"Our team is made up by Naval Architects and Marine Surveyors with official degrees and diplomas in Marine Surveying &amp; Casualty Investigations. We work together, to use knowledge and experience of the team, in the benefit of our customers. We deliver this benefit to the customer through the reports. Our surveyors are in daily contact [&hellip;]\" \/>\n<meta property=\"og:url\" content=\"https:\/\/brumed-marine.com\/home\/?page_id=1453&amp;lang=en\" \/>\n<meta property=\"og:site_name\" content=\"BruMed Marine Surveyors\" \/>\n<meta property=\"article:modified_time\" content=\"2025-05-01T18:37:08+00:00\" \/>\n<meta property=\"og:image\" content=\"https:\/\/brumed-marine.com\/home\/wp-content\/uploads\/2018\/12\/IMG_20180404_172627_935-min.jpg\" \/>\n\t<meta property=\"og:image:width\" content=\"4608\" \/>\n\t<meta property=\"og:image:height\" content=\"3456\" \/>\n\t<meta property=\"og:image:type\" content=\"image\/jpeg\" \/>\n<meta name=\"twitter:card\" content=\"summary_large_image\" \/>\n<meta name=\"twitter:site\" content=\"@brumedmarine\" \/>\n<meta name=\"twitter:label1\" content=\"Tiempo de lectura\" \/>\n\t<meta name=\"twitter:data1\" content=\"2 minutos\" \/>\n<script type=\"application\/ld+json\" class=\"yoast-schema-graph\">{\"@context\":\"https:\/\/schema.org\",\"@graph\":[{\"@type\":\"WebPage\",\"@id\":\"https:\/\/brumed-marine.com\/home\/?page_id=1453&lang=en\",\"url\":\"https:\/\/brumed-marine.com\/home\/?page_id=1453&lang=en\",\"name\":\"Training and experience | BruMed Marine Surveyors\",\"isPartOf\":{\"@id\":\"https:\/\/brumed-marine.com\/home\/#website\"},\"datePublished\":\"2018-07-16T11:34:49+00:00\",\"dateModified\":\"2025-05-01T18:37:08+00:00\",\"breadcrumb\":{\"@id\":\"https:\/\/brumed-marine.com\/home\/?page_id=1453&lang=en#breadcrumb\"},\"inLanguage\":\"es\",\"potentialAction\":[{\"@type\":\"ReadAction\",\"target\":[\"https:\/\/brumed-marine.com\/home\/?page_id=1453&lang=en\"]}]},{\"@type\":\"BreadcrumbList\",\"@id\":\"https:\/\/brumed-marine.com\/home\/?page_id=1453&lang=en#breadcrumb\",\"itemListElement\":[{\"@type\":\"ListItem\",\"position\":1,\"name\":\"Portada\",\"item\":\"https:\/\/brumed-marine.com\/home\/\"},{\"@type\":\"ListItem\",\"position\":2,\"name\":\"Training and experience\"}]},{\"@type\":\"WebSite\",\"@id\":\"https:\/\/brumed-marine.com\/home\/#website\",\"url\":\"https:\/\/brumed-marine.com\/home\/\",\"name\":\"BruMed Marine Surveyors\",\"description\":\"Al servicio de la n\u00e1utica y de sus usuarios\",\"publisher\":{\"@id\":\"https:\/\/brumed-marine.com\/home\/#organization\"},\"potentialAction\":[{\"@type\":\"SearchAction\",\"target\":{\"@type\":\"EntryPoint\",\"urlTemplate\":\"https:\/\/brumed-marine.com\/home\/?s={search_term_string}\"},\"query-input\":\"required name=search_term_string\"}],\"inLanguage\":\"es\"},{\"@type\":\"Organization\",\"@id\":\"https:\/\/brumed-marine.com\/home\/#organization\",\"name\":\"BruMed Marine Surveyors\",\"url\":\"https:\/\/brumed-marine.com\/home\/\",\"logo\":{\"@type\":\"ImageObject\",\"inLanguage\":\"es\",\"@id\":\"https:\/\/brumed-marine.com\/home\/#\/schema\/logo\/image\/\",\"url\":\"https:\/\/brumed-marine.com\/home\/wp-content\/uploads\/2018\/07\/cropped-Logo-BMS-Lloyds-finalitzat-e1534070371548.png\",\"contentUrl\":\"https:\/\/brumed-marine.com\/home\/wp-content\/uploads\/2018\/07\/cropped-Logo-BMS-Lloyds-finalitzat-e1534070371548.png\",\"width\":704,\"height\":204,\"caption\":\"BruMed Marine Surveyors\"},\"image\":{\"@id\":\"https:\/\/brumed-marine.com\/home\/#\/schema\/logo\/image\/\"},\"sameAs\":[\"https:\/\/twitter.com\/brumedmarine\"]}]}<\/script>\n<!-- \/ Yoast SEO plugin. -->","yoast_head_json":{"title":"Training and experience | BruMed Marine Surveyors","robots":{"index":"index","follow":"follow","max-snippet":"max-snippet:-1","max-image-preview":"max-image-preview:large","max-video-preview":"max-video-preview:-1"},"canonical":"https:\/\/brumed-marine.com\/home\/?page_id=1453&lang=en","og_locale":"es_ES","og_type":"article","og_title":"Training and experience | BruMed Marine Surveyors","og_description":"Our team is made up by Naval Architects and Marine Surveyors with official degrees and diplomas in Marine Surveying &amp; Casualty Investigations. We work together, to use knowledge and experience of the team, in the benefit of our customers. We deliver this benefit to the customer through the reports. Our surveyors are in daily contact [&hellip;]","og_url":"https:\/\/brumed-marine.com\/home\/?page_id=1453&lang=en","og_site_name":"BruMed Marine Surveyors","article_modified_time":"2025-05-01T18:37:08+00:00","og_image":[{"width":4608,"height":3456,"url":"https:\/\/brumed-marine.com\/home\/wp-content\/uploads\/2018\/12\/IMG_20180404_172627_935-min.jpg","type":"image\/jpeg"}],"twitter_card":"summary_large_image","twitter_site":"@brumedmarine","twitter_misc":{"Tiempo de lectura":"2 minutos"},"schema":{"@context":"https:\/\/schema.org","@graph":[{"@type":"WebPage","@id":"https:\/\/brumed-marine.com\/home\/?page_id=1453&lang=en","url":"https:\/\/brumed-marine.com\/home\/?page_id=1453&lang=en","name":"Training and experience | BruMed Marine Surveyors","isPartOf":{"@id":"https:\/\/brumed-marine.com\/home\/#website"},"datePublished":"2018-07-16T11:34:49+00:00","dateModified":"2025-05-01T18:37:08+00:00","breadcrumb":{"@id":"https:\/\/brumed-marine.com\/home\/?page_id=1453&lang=en#breadcrumb"},"inLanguage":"es","potentialAction":[{"@type":"ReadAction","target":["https:\/\/brumed-marine.com\/home\/?page_id=1453&lang=en"]}]},{"@type":"BreadcrumbList","@id":"https:\/\/brumed-marine.com\/home\/?page_id=1453&lang=en#breadcrumb","itemListElement":[{"@type":"ListItem","position":1,"name":"Portada","item":"https:\/\/brumed-marine.com\/home\/"},{"@type":"ListItem","position":2,"name":"Training and experience"}]},{"@type":"WebSite","@id":"https:\/\/brumed-marine.com\/home\/#website","url":"https:\/\/brumed-marine.com\/home\/","name":"BruMed Marine Surveyors","description":"Al servicio de la n\u00e1utica y de sus usuarios","publisher":{"@id":"https:\/\/brumed-marine.com\/home\/#organization"},"potentialAction":[{"@type":"SearchAction","target":{"@type":"EntryPoint","urlTemplate":"https:\/\/brumed-marine.com\/home\/?s={search_term_string}"},"query-input":"required name=search_term_string"}],"inLanguage":"es"},{"@type":"Organization","@id":"https:\/\/brumed-marine.com\/home\/#organization","name":"BruMed Marine Surveyors","url":"https:\/\/brumed-marine.com\/home\/","logo":{"@type":"ImageObject","inLanguage":"es","@id":"https:\/\/brumed-marine.com\/home\/#\/schema\/logo\/image\/","url":"https:\/\/brumed-marine.com\/home\/wp-content\/uploads\/2018\/07\/cropped-Logo-BMS-Lloyds-finalitzat-e1534070371548.png","contentUrl":"https:\/\/brumed-marine.com\/home\/wp-content\/uploads\/2018\/07\/cropped-Logo-BMS-Lloyds-finalitzat-e1534070371548.png","width":704,"height":204,"caption":"BruMed Marine Surveyors"},"image":{"@id":"https:\/\/brumed-marine.com\/home\/#\/schema\/logo\/image\/"},"sameAs":["https:\/\/twitter.com\/brumedmarine"]}]}},"_links":{"self":[{"href":"https:\/\/brumed-marine.com\/home\/index.php?rest_route=\/wp\/v2\/pages\/1453"}],"collection":[{"href":"https:\/\/brumed-marine.com\/home\/index.php?rest_route=\/wp\/v2\/pages"}],"about":[{"href":"https:\/\/brumed-marine.com\/home\/index.php?rest_route=\/wp\/v2\/types\/page"}],"author":[{"embeddable":true,"href":"https:\/\/brumed-marine.com\/home\/index.php?rest_route=\/wp\/v2\/users\/3"}],"replies":[{"embeddable":true,"href":"https:\/\/brumed-marine.com\/home\/index.php?rest_route=%2Fwp%2Fv2%2Fcomments&post=1453"}],"version-history":[{"count":24,"href":"https:\/\/brumed-marine.com\/home\/index.php?rest_route=\/wp\/v2\/pages\/1453\/revisions"}],"predecessor-version":[{"id":2047,"href":"https:\/\/brumed-marine.com\/home\/index.php?rest_route=\/wp\/v2\/pages\/1453\/revisions\/2047"}],"wp:featuredmedia":[{"embeddable":true,"href":"https:\/\/brumed-marine.com\/home\/index.php?rest_route=\/wp\/v2\/media\/1660"}],"wp:attachment":[{"href":"https:\/\/brumed-marine.com\/home\/index.php?rest_route=%2Fwp%2Fv2%2Fmedia&parent=1453"}],"curies":[{"name":"wp","href":"https:\/\/api.w.org\/{rel}","templated":true}]}}