{"id":1253,"date":"2009-12-28T12:28:20","date_gmt":"2009-12-28T11:28:20","guid":{"rendered":"http:\/\/brumed-marine.com\/es\/?page_id=89"},"modified":"2019-03-27T18:36:56","modified_gmt":"2019-03-27T18:36:56","slug":"valor-anadido","status":"publish","type":"page","link":"https:\/\/brumed-marine.com\/home\/?page_id=1253","title":{"rendered":"Valor a\u00f1adido"},"content":{"rendered":"<h4><strong>Especializaci\u00f3n, rapidez y eficacia<\/strong><\/h4>\n<p>Por la formaci\u00f3n t\u00e9cnica NAVAL tanto universitaria como extra universitaria, nacional e internacional, estamos en condiciones de ofrecer un trabajo de calidad con una selecta especializaci\u00f3n al mejor precio.<\/p>\n<h4><strong>Trato directo y transparente<\/strong><\/h4>\n<p>Recibir\u00e1 un trato directo y nos adaptaremos a sus necesidades para la entrega del informe t\u00e9cnico.\u00a0La claridad de informaci\u00f3n ser\u00e1 prioritaria en nuestro trabajo.<\/p>\n<p>&nbsp;<\/p>\n<div id=\"attachment_1805\" style=\"width: 752px\" class=\"wp-caption aligncenter\"><img aria-describedby=\"caption-attachment-1805\" decoding=\"async\" loading=\"lazy\" class=\"wp-image-1805 \" src=\"https:\/\/brumed-marine.com\/home\/wp-content\/uploads\/2019\/03\/Rolex-0_5ytgao0y-1.jpg\" alt=\"\" width=\"742\" height=\"494\" srcset=\"https:\/\/brumed-marine.com\/home\/wp-content\/uploads\/2019\/03\/Rolex-0_5ytgao0y-1.jpg 674w, https:\/\/brumed-marine.com\/home\/wp-content\/uploads\/2019\/03\/Rolex-0_5ytgao0y-1-300x200.jpg 300w\" sizes=\"(max-width: 742px) 100vw, 742px\" \/><p id=\"caption-attachment-1805\" class=\"wp-caption-text\">\u00a0<\/p><\/div>\n","protected":false},"excerpt":{"rendered":"<p>Especializaci\u00f3n, rapidez y eficacia Por la formaci\u00f3n t\u00e9cnica NAVAL tanto universitaria como extra universitaria, nacional e internacional, estamos en condiciones de ofrecer un trabajo de calidad con una selecta especializaci\u00f3n al mejor precio. Trato directo y transparente Recibir\u00e1 un trato directo y nos adaptaremos a sus necesidades para la entrega del informe t\u00e9cnico.\u00a0La claridad de [&hellip;]<\/p>\n","protected":false},"author":2,"featured_media":1804,"parent":0,"menu_order":5,"comment_status":"closed","ping_status":"open","template":"","meta":[],"yoast_head":"<!-- This site is optimized with the Yoast SEO plugin v20.12 - https:\/\/yoast.com\/wordpress\/plugins\/seo\/ -->\n<title>Valor a\u00f1adido | BruMed Marine Surveyors<\/title>\n<meta name=\"robots\" content=\"index, follow, max-snippet:-1, max-image-preview:large, max-video-preview:-1\" \/>\n<link rel=\"canonical\" href=\"https:\/\/brumed-marine.com\/home\/?page_id=1253\" \/>\n<meta property=\"og:locale\" content=\"es_ES\" \/>\n<meta property=\"og:type\" content=\"article\" \/>\n<meta property=\"og:title\" content=\"Valor a\u00f1adido | BruMed Marine Surveyors\" \/>\n<meta property=\"og:description\" content=\"Especializaci\u00f3n, rapidez y eficacia Por la formaci\u00f3n t\u00e9cnica NAVAL tanto universitaria como extra universitaria, nacional e internacional, estamos en condiciones de ofrecer un trabajo de calidad con una selecta especializaci\u00f3n al mejor precio. Trato directo y transparente Recibir\u00e1 un trato directo y nos adaptaremos a sus necesidades para la entrega del informe t\u00e9cnico.\u00a0La claridad de [&hellip;]\" \/>\n<meta property=\"og:url\" content=\"https:\/\/brumed-marine.com\/home\/?page_id=1253\" \/>\n<meta property=\"og:site_name\" content=\"BruMed Marine Surveyors\" \/>\n<meta property=\"article:modified_time\" content=\"2019-03-27T18:36:56+00:00\" \/>\n<meta property=\"og:image\" content=\"https:\/\/brumed-marine.com\/home\/wp-content\/uploads\/2019\/03\/STP-Palma-f-1.jpg\" \/>\n\t<meta property=\"og:image:width\" content=\"1920\" \/>\n\t<meta property=\"og:image:height\" content=\"701\" \/>\n\t<meta property=\"og:image:type\" content=\"image\/jpeg\" \/>\n<meta name=\"twitter:card\" content=\"summary_large_image\" \/>\n<meta name=\"twitter:site\" content=\"@brumedmarine\" \/>\n<script type=\"application\/ld+json\" class=\"yoast-schema-graph\">{\"@context\":\"https:\/\/schema.org\",\"@graph\":[{\"@type\":\"WebPage\",\"@id\":\"https:\/\/brumed-marine.com\/home\/?page_id=1253\",\"url\":\"https:\/\/brumed-marine.com\/home\/?page_id=1253\",\"name\":\"Valor a\u00f1adido | BruMed Marine Surveyors\",\"isPartOf\":{\"@id\":\"https:\/\/brumed-marine.com\/home\/#website\"},\"datePublished\":\"2009-12-28T11:28:20+00:00\",\"dateModified\":\"2019-03-27T18:36:56+00:00\",\"breadcrumb\":{\"@id\":\"https:\/\/brumed-marine.com\/home\/?page_id=1253#breadcrumb\"},\"inLanguage\":\"es\",\"potentialAction\":[{\"@type\":\"ReadAction\",\"target\":[\"https:\/\/brumed-marine.com\/home\/?page_id=1253\"]}]},{\"@type\":\"BreadcrumbList\",\"@id\":\"https:\/\/brumed-marine.com\/home\/?page_id=1253#breadcrumb\",\"itemListElement\":[{\"@type\":\"ListItem\",\"position\":1,\"name\":\"Portada\",\"item\":\"https:\/\/brumed-marine.com\/home\/\"},{\"@type\":\"ListItem\",\"position\":2,\"name\":\"Valor a\u00f1adido\"}]},{\"@type\":\"WebSite\",\"@id\":\"https:\/\/brumed-marine.com\/home\/#website\",\"url\":\"https:\/\/brumed-marine.com\/home\/\",\"name\":\"BruMed Marine Surveyors\",\"description\":\"Al servicio de la n\u00e1utica y de sus usuarios\",\"publisher\":{\"@id\":\"https:\/\/brumed-marine.com\/home\/#organization\"},\"potentialAction\":[{\"@type\":\"SearchAction\",\"target\":{\"@type\":\"EntryPoint\",\"urlTemplate\":\"https:\/\/brumed-marine.com\/home\/?s={search_term_string}\"},\"query-input\":\"required name=search_term_string\"}],\"inLanguage\":\"es\"},{\"@type\":\"Organization\",\"@id\":\"https:\/\/brumed-marine.com\/home\/#organization\",\"name\":\"BruMed Marine Surveyors\",\"url\":\"https:\/\/brumed-marine.com\/home\/\",\"logo\":{\"@type\":\"ImageObject\",\"inLanguage\":\"es\",\"@id\":\"https:\/\/brumed-marine.com\/home\/#\/schema\/logo\/image\/\",\"url\":\"https:\/\/brumed-marine.com\/home\/wp-content\/uploads\/2018\/07\/cropped-Logo-BMS-Lloyds-finalitzat-e1534070371548.png\",\"contentUrl\":\"https:\/\/brumed-marine.com\/home\/wp-content\/uploads\/2018\/07\/cropped-Logo-BMS-Lloyds-finalitzat-e1534070371548.png\",\"width\":704,\"height\":204,\"caption\":\"BruMed Marine Surveyors\"},\"image\":{\"@id\":\"https:\/\/brumed-marine.com\/home\/#\/schema\/logo\/image\/\"},\"sameAs\":[\"https:\/\/twitter.com\/brumedmarine\"]}]}<\/script>\n<!-- \/ Yoast SEO plugin. -->","yoast_head_json":{"title":"Valor a\u00f1adido | BruMed Marine Surveyors","robots":{"index":"index","follow":"follow","max-snippet":"max-snippet:-1","max-image-preview":"max-image-preview:large","max-video-preview":"max-video-preview:-1"},"canonical":"https:\/\/brumed-marine.com\/home\/?page_id=1253","og_locale":"es_ES","og_type":"article","og_title":"Valor a\u00f1adido | BruMed Marine Surveyors","og_description":"Especializaci\u00f3n, rapidez y eficacia Por la formaci\u00f3n t\u00e9cnica NAVAL tanto universitaria como extra universitaria, nacional e internacional, estamos en condiciones de ofrecer un trabajo de calidad con una selecta especializaci\u00f3n al mejor precio. Trato directo y transparente Recibir\u00e1 un trato directo y nos adaptaremos a sus necesidades para la entrega del informe t\u00e9cnico.\u00a0La claridad de [&hellip;]","og_url":"https:\/\/brumed-marine.com\/home\/?page_id=1253","og_site_name":"BruMed Marine Surveyors","article_modified_time":"2019-03-27T18:36:56+00:00","og_image":[{"width":1920,"height":701,"url":"https:\/\/brumed-marine.com\/home\/wp-content\/uploads\/2019\/03\/STP-Palma-f-1.jpg","type":"image\/jpeg"}],"twitter_card":"summary_large_image","twitter_site":"@brumedmarine","schema":{"@context":"https:\/\/schema.org","@graph":[{"@type":"WebPage","@id":"https:\/\/brumed-marine.com\/home\/?page_id=1253","url":"https:\/\/brumed-marine.com\/home\/?page_id=1253","name":"Valor a\u00f1adido | BruMed Marine Surveyors","isPartOf":{"@id":"https:\/\/brumed-marine.com\/home\/#website"},"datePublished":"2009-12-28T11:28:20+00:00","dateModified":"2019-03-27T18:36:56+00:00","breadcrumb":{"@id":"https:\/\/brumed-marine.com\/home\/?page_id=1253#breadcrumb"},"inLanguage":"es","potentialAction":[{"@type":"ReadAction","target":["https:\/\/brumed-marine.com\/home\/?page_id=1253"]}]},{"@type":"BreadcrumbList","@id":"https:\/\/brumed-marine.com\/home\/?page_id=1253#breadcrumb","itemListElement":[{"@type":"ListItem","position":1,"name":"Portada","item":"https:\/\/brumed-marine.com\/home\/"},{"@type":"ListItem","position":2,"name":"Valor a\u00f1adido"}]},{"@type":"WebSite","@id":"https:\/\/brumed-marine.com\/home\/#website","url":"https:\/\/brumed-marine.com\/home\/","name":"BruMed Marine Surveyors","description":"Al servicio de la n\u00e1utica y de sus usuarios","publisher":{"@id":"https:\/\/brumed-marine.com\/home\/#organization"},"potentialAction":[{"@type":"SearchAction","target":{"@type":"EntryPoint","urlTemplate":"https:\/\/brumed-marine.com\/home\/?s={search_term_string}"},"query-input":"required name=search_term_string"}],"inLanguage":"es"},{"@type":"Organization","@id":"https:\/\/brumed-marine.com\/home\/#organization","name":"BruMed Marine Surveyors","url":"https:\/\/brumed-marine.com\/home\/","logo":{"@type":"ImageObject","inLanguage":"es","@id":"https:\/\/brumed-marine.com\/home\/#\/schema\/logo\/image\/","url":"https:\/\/brumed-marine.com\/home\/wp-content\/uploads\/2018\/07\/cropped-Logo-BMS-Lloyds-finalitzat-e1534070371548.png","contentUrl":"https:\/\/brumed-marine.com\/home\/wp-content\/uploads\/2018\/07\/cropped-Logo-BMS-Lloyds-finalitzat-e1534070371548.png","width":704,"height":204,"caption":"BruMed Marine Surveyors"},"image":{"@id":"https:\/\/brumed-marine.com\/home\/#\/schema\/logo\/image\/"},"sameAs":["https:\/\/twitter.com\/brumedmarine"]}]}},"_links":{"self":[{"href":"https:\/\/brumed-marine.com\/home\/index.php?rest_route=\/wp\/v2\/pages\/1253"}],"collection":[{"href":"https:\/\/brumed-marine.com\/home\/index.php?rest_route=\/wp\/v2\/pages"}],"about":[{"href":"https:\/\/brumed-marine.com\/home\/index.php?rest_route=\/wp\/v2\/types\/page"}],"author":[{"embeddable":true,"href":"https:\/\/brumed-marine.com\/home\/index.php?rest_route=\/wp\/v2\/users\/2"}],"replies":[{"embeddable":true,"href":"https:\/\/brumed-marine.com\/home\/index.php?rest_route=%2Fwp%2Fv2%2Fcomments&post=1253"}],"version-history":[{"count":4,"href":"https:\/\/brumed-marine.com\/home\/index.php?rest_route=\/wp\/v2\/pages\/1253\/revisions"}],"predecessor-version":[{"id":1806,"href":"https:\/\/brumed-marine.com\/home\/index.php?rest_route=\/wp\/v2\/pages\/1253\/revisions\/1806"}],"wp:featuredmedia":[{"embeddable":true,"href":"https:\/\/brumed-marine.com\/home\/index.php?rest_route=\/wp\/v2\/media\/1804"}],"wp:attachment":[{"href":"https:\/\/brumed-marine.com\/home\/index.php?rest_route=%2Fwp%2Fv2%2Fmedia&parent=1253"}],"curies":[{"name":"wp","href":"https:\/\/api.w.org\/{rel}","templated":true}]}}