{"id":1252,"date":"2009-12-28T12:25:07","date_gmt":"2009-12-28T11:25:07","guid":{"rendered":"http:\/\/brumed-marine.com\/es\/?page_id=85"},"modified":"2025-05-01T18:40:32","modified_gmt":"2025-05-01T18:40:32","slug":"formacion-experiencia","status":"publish","type":"page","link":"https:\/\/brumed-marine.com\/home\/?page_id=1252","title":{"rendered":"Experiencia"},"content":{"rendered":"\t\t<div data-elementor-type=\"wp-page\" data-elementor-id=\"1252\" class=\"elementor elementor-1252\">\n\t\t\t\t\t\t<div class=\"elementor-inner\">\n\t\t\t\t<div class=\"elementor-section-wrap\">\n\t\t\t\t\t\t\t\t\t<section class=\"elementor-section elementor-top-section elementor-element elementor-element-54ac9795 elementor-section-boxed elementor-section-height-default elementor-section-height-default\" data-id=\"54ac9795\" data-element_type=\"section\">\n\t\t\t\t\t\t<div class=\"elementor-container elementor-column-gap-default\">\n\t\t\t\t\t\t\t<div class=\"elementor-row\">\n\t\t\t\t\t<div class=\"elementor-column elementor-col-100 elementor-top-column elementor-element elementor-element-3e058fb1\" data-id=\"3e058fb1\" data-element_type=\"column\">\n\t\t\t<div class=\"elementor-column-wrap elementor-element-populated\">\n\t\t\t\t\t\t\t<div class=\"elementor-widget-wrap\">\n\t\t\t\t\t\t<div class=\"elementor-element elementor-element-79f35522 elementor-widget elementor-widget-text-editor\" data-id=\"79f35522\" data-element_type=\"widget\" data-widget_type=\"text-editor.default\">\n\t\t\t\t<div class=\"elementor-widget-container\">\n\t\t\t\t\t\t\t\t<div class=\"elementor-text-editor elementor-clearfix\">\n\t\t\t\t<p style=\"text-align: left;\"><img decoding=\"async\" loading=\"lazy\" class=\"alignnone wp-image-1627\" src=\"https:\/\/brumed-marine.com\/home\/wp-content\/uploads\/2018\/08\/Logo_of_the_Royal_Institution_of_Naval_Architects-212x300.jpg\" alt=\"\" width=\"185\" height=\"262\" srcset=\"https:\/\/brumed-marine.com\/home\/wp-content\/uploads\/2018\/08\/Logo_of_the_Royal_Institution_of_Naval_Architects-212x300.jpg 212w, https:\/\/brumed-marine.com\/home\/wp-content\/uploads\/2018\/08\/Logo_of_the_Royal_Institution_of_Naval_Architects.jpg 250w\" sizes=\"(max-width: 185px) 100vw, 185px\" \/> <img decoding=\"async\" loading=\"lazy\" class=\"alignnone wp-image-1625\" src=\"https:\/\/brumed-marine.com\/home\/wp-content\/uploads\/2018\/08\/ulpgc.png\" alt=\"\" width=\"284\" height=\"185\" \/> <img decoding=\"async\" loading=\"lazy\" class=\"alignnone size-full wp-image-1623\" src=\"https:\/\/brumed-marine.com\/home\/wp-content\/uploads\/2018\/08\/EURING-LOGO-e1531910233473.png\" alt=\"\" width=\"150\" height=\"150\" \/> <img decoding=\"async\" loading=\"lazy\" class=\"alignnone wp-image-1628\" src=\"https:\/\/brumed-marine.com\/home\/wp-content\/uploads\/2018\/08\/descarga.jpg\" alt=\"\" width=\"182\" height=\"183\" srcset=\"https:\/\/brumed-marine.com\/home\/wp-content\/uploads\/2018\/08\/descarga.jpg 224w, https:\/\/brumed-marine.com\/home\/wp-content\/uploads\/2018\/08\/descarga-150x150.jpg 150w\" sizes=\"(max-width: 182px) 100vw, 182px\" \/> <img decoding=\"async\" loading=\"lazy\" class=\"alignnone wp-image-1622\" src=\"https:\/\/brumed-marine.com\/home\/wp-content\/uploads\/2018\/08\/Logo-APCAS-color-220x300.jpg\" alt=\"\" width=\"145\" height=\"198\" srcset=\"https:\/\/brumed-marine.com\/home\/wp-content\/uploads\/2018\/08\/Logo-APCAS-color-220x300.jpg 220w, https:\/\/brumed-marine.com\/home\/wp-content\/uploads\/2018\/08\/Logo-APCAS-color-768x1048.jpg 768w, https:\/\/brumed-marine.com\/home\/wp-content\/uploads\/2018\/08\/Logo-APCAS-color-751x1024.jpg 751w\" sizes=\"(max-width: 145px) 100vw, 145px\" \/><\/p><p style=\"text-align: left;\">Nuestro equipo est\u00e1 formado por titulados en ingenier\u00eda naval e inspectores de yates con titulaci\u00f3n internacional, los cuales trabajan conjuntamente aprovechando las sinergias de nuestros conocimientos, para ponerlos al servicio de nuestros clientes mediante la emisi\u00f3n de nuestros informes.<br \/>Nuestros peritos est\u00e1n en contacto con diversas ramas del sector naval y n\u00e1utico, y siguen programas de formaci\u00f3n continua (CPD) para estar actualizados y poder dar un servicio excepcional a nuestros clientes.<\/p><p style=\"text-align: left;\">Tenemos amplia experiencia en:<br \/>&#8211; Peritaciones de embarcaciones de recreo, yates y superyates (tanto para uso privado, como para ch\u00e1rter)<br \/>&#8211; Peritaciones de buques mercantes<br \/>&#8211; Peritaciones de pesqueros<br \/>&#8211; Gesti\u00f3n de siniestros navales, a trav\u00e9s de diferentes compa\u00f1\u00edas aseguradoras, tanto nacionales, como internacionales<\/p><p style=\"text-align: left;\">Somos miembros de los siguientes organismos:<br \/><strong>Colegio Oficial de Ingenieros T\u00e9cnicos Navales de Madrid<\/strong> (C.O.P.I.T.N.)<\/p><p style=\"text-align: left;\"><strong>International Institute of Marine Surveying<\/strong> (I.I.M.S.) del Reino Unido.<\/p><p style=\"text-align: left;\"><strong>F\u00e9d\u00e9ration Europ\u00e9enne d&#8217;Associations Nationales d&#8217;Ing\u00e9nieurs<\/strong> (F.E.A.N.I.) con sede principal en Bruselas (B\u00e9lgica)<\/p><p style=\"text-align: left;\"><strong>Asociaci\u00f3n de Peritos de Seguros y Comisarios de Aver\u00edas<\/strong> (A.P.C.A.S.) con sede en Madrid<\/p><p style=\"text-align: left;\"><strong>The Royal Institution of Naval Architects<\/strong> (R.I.N.A.) con sede en el Reino Unido.<\/p><table class=\" aligncenter\" style=\"height: 32px;\" width=\"615\"><tbody><tr><td>\u00a0<\/td><td>\u00a0<\/td><td>\u00a0<\/td><td style=\"text-align: center;\">\u00a0<\/td><\/tr><\/tbody><\/table><h4 style=\"text-align: center;\"><a href=\"http:\/\/brumed-marine.com\/wp-content\/uploads\/2009\/12\/220px-Logo_of_the_Royal_Institution_of_Naval_Architects.jpg\">\u00a0<\/a><\/h4><h4 style=\"text-align: justify;\">\u00a0<\/h4><h4 style=\"text-align: justify;\">\u00a0<\/h4><h4 style=\"text-align: justify;\">\u00a0<\/h4><h4 style=\"text-align: justify;\">\u00a0<\/h4>\t\t\t\t\t<\/div>\n\t\t\t\t\t\t<\/div>\n\t\t\t\t<\/div>\n\t\t\t\t\t\t<\/div>\n\t\t\t\t\t<\/div>\n\t\t<\/div>\n\t\t\t\t\t\t\t\t<\/div>\n\t\t\t\t\t<\/div>\n\t\t<\/section>\n\t\t\t\t\t\t\t\t\t<\/div>\n\t\t\t<\/div>\n\t\t\t\t\t<\/div>\n\t\t","protected":false},"excerpt":{"rendered":"<p>Nuestro equipo est\u00e1 formado por titulados en ingenier\u00eda naval e inspectores de yates con titulaci\u00f3n internacional, los cuales trabajan conjuntamente aprovechando las sinergias de nuestros conocimientos, para ponerlos al servicio de nuestros clientes mediante la emisi\u00f3n de nuestros informes.Nuestros peritos est\u00e1n en contacto con diversas ramas del sector naval y n\u00e1utico, y siguen programas de [&hellip;]<\/p>\n","protected":false},"author":2,"featured_media":1650,"parent":0,"menu_order":4,"comment_status":"closed","ping_status":"open","template":"","meta":[],"yoast_head":"<!-- This site is optimized with the Yoast SEO plugin v20.12 - https:\/\/yoast.com\/wordpress\/plugins\/seo\/ -->\n<title>Experiencia | BruMed Marine Surveyors<\/title>\n<meta name=\"robots\" content=\"index, follow, max-snippet:-1, max-image-preview:large, max-video-preview:-1\" \/>\n<link rel=\"canonical\" href=\"https:\/\/brumed-marine.com\/home\/?page_id=1252\" \/>\n<meta property=\"og:locale\" content=\"es_ES\" \/>\n<meta property=\"og:type\" content=\"article\" \/>\n<meta property=\"og:title\" content=\"Experiencia | BruMed Marine Surveyors\" \/>\n<meta property=\"og:description\" content=\"Nuestro equipo est\u00e1 formado por titulados en ingenier\u00eda naval e inspectores de yates con titulaci\u00f3n internacional, los cuales trabajan conjuntamente aprovechando las sinergias de nuestros conocimientos, para ponerlos al servicio de nuestros clientes mediante la emisi\u00f3n de nuestros informes.Nuestros peritos est\u00e1n en contacto con diversas ramas del sector naval y n\u00e1utico, y siguen programas de [&hellip;]\" \/>\n<meta property=\"og:url\" content=\"https:\/\/brumed-marine.com\/home\/?page_id=1252\" \/>\n<meta property=\"og:site_name\" content=\"BruMed Marine Surveyors\" \/>\n<meta property=\"article:modified_time\" content=\"2025-05-01T18:40:32+00:00\" \/>\n<meta property=\"og:image\" content=\"https:\/\/brumed-marine.com\/home\/wp-content\/uploads\/2018\/12\/DSC05351-min.jpg\" \/>\n\t<meta property=\"og:image:width\" content=\"3648\" \/>\n\t<meta property=\"og:image:height\" content=\"2056\" \/>\n\t<meta property=\"og:image:type\" content=\"image\/jpeg\" \/>\n<meta name=\"twitter:card\" content=\"summary_large_image\" \/>\n<meta name=\"twitter:site\" content=\"@brumedmarine\" \/>\n<meta name=\"twitter:label1\" content=\"Tiempo de lectura\" \/>\n\t<meta name=\"twitter:data1\" content=\"2 minutos\" \/>\n<script type=\"application\/ld+json\" class=\"yoast-schema-graph\">{\"@context\":\"https:\/\/schema.org\",\"@graph\":[{\"@type\":\"WebPage\",\"@id\":\"https:\/\/brumed-marine.com\/home\/?page_id=1252\",\"url\":\"https:\/\/brumed-marine.com\/home\/?page_id=1252\",\"name\":\"Experiencia | BruMed Marine Surveyors\",\"isPartOf\":{\"@id\":\"https:\/\/brumed-marine.com\/home\/#website\"},\"datePublished\":\"2009-12-28T11:25:07+00:00\",\"dateModified\":\"2025-05-01T18:40:32+00:00\",\"breadcrumb\":{\"@id\":\"https:\/\/brumed-marine.com\/home\/?page_id=1252#breadcrumb\"},\"inLanguage\":\"es\",\"potentialAction\":[{\"@type\":\"ReadAction\",\"target\":[\"https:\/\/brumed-marine.com\/home\/?page_id=1252\"]}]},{\"@type\":\"BreadcrumbList\",\"@id\":\"https:\/\/brumed-marine.com\/home\/?page_id=1252#breadcrumb\",\"itemListElement\":[{\"@type\":\"ListItem\",\"position\":1,\"name\":\"Portada\",\"item\":\"https:\/\/brumed-marine.com\/home\/\"},{\"@type\":\"ListItem\",\"position\":2,\"name\":\"Experiencia\"}]},{\"@type\":\"WebSite\",\"@id\":\"https:\/\/brumed-marine.com\/home\/#website\",\"url\":\"https:\/\/brumed-marine.com\/home\/\",\"name\":\"BruMed Marine Surveyors\",\"description\":\"Al servicio de la n\u00e1utica y de sus usuarios\",\"publisher\":{\"@id\":\"https:\/\/brumed-marine.com\/home\/#organization\"},\"potentialAction\":[{\"@type\":\"SearchAction\",\"target\":{\"@type\":\"EntryPoint\",\"urlTemplate\":\"https:\/\/brumed-marine.com\/home\/?s={search_term_string}\"},\"query-input\":\"required name=search_term_string\"}],\"inLanguage\":\"es\"},{\"@type\":\"Organization\",\"@id\":\"https:\/\/brumed-marine.com\/home\/#organization\",\"name\":\"BruMed Marine Surveyors\",\"url\":\"https:\/\/brumed-marine.com\/home\/\",\"logo\":{\"@type\":\"ImageObject\",\"inLanguage\":\"es\",\"@id\":\"https:\/\/brumed-marine.com\/home\/#\/schema\/logo\/image\/\",\"url\":\"https:\/\/brumed-marine.com\/home\/wp-content\/uploads\/2018\/07\/cropped-Logo-BMS-Lloyds-finalitzat-e1534070371548.png\",\"contentUrl\":\"https:\/\/brumed-marine.com\/home\/wp-content\/uploads\/2018\/07\/cropped-Logo-BMS-Lloyds-finalitzat-e1534070371548.png\",\"width\":704,\"height\":204,\"caption\":\"BruMed Marine Surveyors\"},\"image\":{\"@id\":\"https:\/\/brumed-marine.com\/home\/#\/schema\/logo\/image\/\"},\"sameAs\":[\"https:\/\/twitter.com\/brumedmarine\"]}]}<\/script>\n<!-- \/ Yoast SEO plugin. -->","yoast_head_json":{"title":"Experiencia | BruMed Marine Surveyors","robots":{"index":"index","follow":"follow","max-snippet":"max-snippet:-1","max-image-preview":"max-image-preview:large","max-video-preview":"max-video-preview:-1"},"canonical":"https:\/\/brumed-marine.com\/home\/?page_id=1252","og_locale":"es_ES","og_type":"article","og_title":"Experiencia | BruMed Marine Surveyors","og_description":"Nuestro equipo est\u00e1 formado por titulados en ingenier\u00eda naval e inspectores de yates con titulaci\u00f3n internacional, los cuales trabajan conjuntamente aprovechando las sinergias de nuestros conocimientos, para ponerlos al servicio de nuestros clientes mediante la emisi\u00f3n de nuestros informes.Nuestros peritos est\u00e1n en contacto con diversas ramas del sector naval y n\u00e1utico, y siguen programas de [&hellip;]","og_url":"https:\/\/brumed-marine.com\/home\/?page_id=1252","og_site_name":"BruMed Marine Surveyors","article_modified_time":"2025-05-01T18:40:32+00:00","og_image":[{"width":3648,"height":2056,"url":"https:\/\/brumed-marine.com\/home\/wp-content\/uploads\/2018\/12\/DSC05351-min.jpg","type":"image\/jpeg"}],"twitter_card":"summary_large_image","twitter_site":"@brumedmarine","twitter_misc":{"Tiempo de lectura":"2 minutos"},"schema":{"@context":"https:\/\/schema.org","@graph":[{"@type":"WebPage","@id":"https:\/\/brumed-marine.com\/home\/?page_id=1252","url":"https:\/\/brumed-marine.com\/home\/?page_id=1252","name":"Experiencia | BruMed Marine Surveyors","isPartOf":{"@id":"https:\/\/brumed-marine.com\/home\/#website"},"datePublished":"2009-12-28T11:25:07+00:00","dateModified":"2025-05-01T18:40:32+00:00","breadcrumb":{"@id":"https:\/\/brumed-marine.com\/home\/?page_id=1252#breadcrumb"},"inLanguage":"es","potentialAction":[{"@type":"ReadAction","target":["https:\/\/brumed-marine.com\/home\/?page_id=1252"]}]},{"@type":"BreadcrumbList","@id":"https:\/\/brumed-marine.com\/home\/?page_id=1252#breadcrumb","itemListElement":[{"@type":"ListItem","position":1,"name":"Portada","item":"https:\/\/brumed-marine.com\/home\/"},{"@type":"ListItem","position":2,"name":"Experiencia"}]},{"@type":"WebSite","@id":"https:\/\/brumed-marine.com\/home\/#website","url":"https:\/\/brumed-marine.com\/home\/","name":"BruMed Marine Surveyors","description":"Al servicio de la n\u00e1utica y de sus usuarios","publisher":{"@id":"https:\/\/brumed-marine.com\/home\/#organization"},"potentialAction":[{"@type":"SearchAction","target":{"@type":"EntryPoint","urlTemplate":"https:\/\/brumed-marine.com\/home\/?s={search_term_string}"},"query-input":"required name=search_term_string"}],"inLanguage":"es"},{"@type":"Organization","@id":"https:\/\/brumed-marine.com\/home\/#organization","name":"BruMed Marine Surveyors","url":"https:\/\/brumed-marine.com\/home\/","logo":{"@type":"ImageObject","inLanguage":"es","@id":"https:\/\/brumed-marine.com\/home\/#\/schema\/logo\/image\/","url":"https:\/\/brumed-marine.com\/home\/wp-content\/uploads\/2018\/07\/cropped-Logo-BMS-Lloyds-finalitzat-e1534070371548.png","contentUrl":"https:\/\/brumed-marine.com\/home\/wp-content\/uploads\/2018\/07\/cropped-Logo-BMS-Lloyds-finalitzat-e1534070371548.png","width":704,"height":204,"caption":"BruMed Marine Surveyors"},"image":{"@id":"https:\/\/brumed-marine.com\/home\/#\/schema\/logo\/image\/"},"sameAs":["https:\/\/twitter.com\/brumedmarine"]}]}},"_links":{"self":[{"href":"https:\/\/brumed-marine.com\/home\/index.php?rest_route=\/wp\/v2\/pages\/1252"}],"collection":[{"href":"https:\/\/brumed-marine.com\/home\/index.php?rest_route=\/wp\/v2\/pages"}],"about":[{"href":"https:\/\/brumed-marine.com\/home\/index.php?rest_route=\/wp\/v2\/types\/page"}],"author":[{"embeddable":true,"href":"https:\/\/brumed-marine.com\/home\/index.php?rest_route=\/wp\/v2\/users\/2"}],"replies":[{"embeddable":true,"href":"https:\/\/brumed-marine.com\/home\/index.php?rest_route=%2Fwp%2Fv2%2Fcomments&post=1252"}],"version-history":[{"count":18,"href":"https:\/\/brumed-marine.com\/home\/index.php?rest_route=\/wp\/v2\/pages\/1252\/revisions"}],"predecessor-version":[{"id":2054,"href":"https:\/\/brumed-marine.com\/home\/index.php?rest_route=\/wp\/v2\/pages\/1252\/revisions\/2054"}],"wp:featuredmedia":[{"embeddable":true,"href":"https:\/\/brumed-marine.com\/home\/index.php?rest_route=\/wp\/v2\/media\/1650"}],"wp:attachment":[{"href":"https:\/\/brumed-marine.com\/home\/index.php?rest_route=%2Fwp%2Fv2%2Fmedia&parent=1252"}],"curies":[{"name":"wp","href":"https:\/\/api.w.org\/{rel}","templated":true}]}}