{"id":121,"date":"2010-01-04T14:07:48","date_gmt":"2010-01-04T13:07:48","guid":{"rendered":"http:\/\/brumed-marine.com\/es\/?page_id=121"},"modified":"2025-05-01T18:09:16","modified_gmt":"2025-05-01T18:09:16","slug":"articulos-tecnicos","status":"publish","type":"page","link":"https:\/\/brumed-marine.com\/home\/?page_id=121","title":{"rendered":"Trabajos recientes"},"content":{"rendered":"\t\t<div data-elementor-type=\"wp-page\" data-elementor-id=\"121\" class=\"elementor elementor-121\">\n\t\t\t\t\t\t<div class=\"elementor-inner\">\n\t\t\t\t<div class=\"elementor-section-wrap\">\n\t\t\t\t\t\t\t\t\t<section class=\"elementor-section elementor-top-section elementor-element elementor-element-219e0396 elementor-section-boxed elementor-section-height-default elementor-section-height-default\" data-id=\"219e0396\" data-element_type=\"section\">\n\t\t\t\t\t\t<div class=\"elementor-container elementor-column-gap-default\">\n\t\t\t\t\t\t\t<div class=\"elementor-row\">\n\t\t\t\t\t<div class=\"elementor-column elementor-col-100 elementor-top-column elementor-element elementor-element-6bc5ce6f\" data-id=\"6bc5ce6f\" data-element_type=\"column\">\n\t\t\t<div class=\"elementor-column-wrap elementor-element-populated\">\n\t\t\t\t\t\t\t<div class=\"elementor-widget-wrap\">\n\t\t\t\t\t\t<div class=\"elementor-element elementor-element-754ceb94 elementor-widget elementor-widget-text-editor\" data-id=\"754ceb94\" data-element_type=\"widget\" data-widget_type=\"text-editor.default\">\n\t\t\t\t<div class=\"elementor-widget-container\">\n\t\t\t\t\t\t\t\t<div class=\"elementor-text-editor elementor-clearfix\">\n\t\t\t\t<p>A continuaci\u00f3n les mostramos algunos ejemplos de peritajes navales realizados por BruMed Marine Surveyors. Dichas peritaciones navales se han realizado a requerimiento de las diferentes partes intervinientes en el negocio mar\u00edtimo, tales como, armadores, brokers de yates, asegurados, compa\u00f1\u00edas aseguradoras, entidades judiciales, abogados maritimistas, talleres navales, gabinetes periciales con los que colaboramos, etc.<\/p><p><img decoding=\"async\" loading=\"lazy\" class=\"alignnone  wp-image-1661\" src=\"https:\/\/brumed-marine.com\/home\/wp-content\/uploads\/2018\/12\/IMG_20180512_165559_658-min-300x225.jpg\" alt=\"\" width=\"1154\" height=\"866\" srcset=\"https:\/\/brumed-marine.com\/home\/wp-content\/uploads\/2018\/12\/IMG_20180512_165559_658-min-300x225.jpg 300w, https:\/\/brumed-marine.com\/home\/wp-content\/uploads\/2018\/12\/IMG_20180512_165559_658-min-768x576.jpg 768w, https:\/\/brumed-marine.com\/home\/wp-content\/uploads\/2018\/12\/IMG_20180512_165559_658-min-1024x768.jpg 1024w\" sizes=\"(max-width: 1154px) 100vw, 1154px\" \/><\/p><p><img decoding=\"async\" loading=\"lazy\" class=\" wp-image-2008\" src=\"https:\/\/brumed-marine.com\/home\/wp-content\/uploads\/2025\/05\/P7310822-300x225.jpg\" alt=\"\" width=\"1045\" height=\"784\" srcset=\"https:\/\/brumed-marine.com\/home\/wp-content\/uploads\/2025\/05\/P7310822-300x225.jpg 300w, https:\/\/brumed-marine.com\/home\/wp-content\/uploads\/2025\/05\/P7310822-1024x768.jpg 1024w, https:\/\/brumed-marine.com\/home\/wp-content\/uploads\/2025\/05\/P7310822-768x576.jpg 768w, https:\/\/brumed-marine.com\/home\/wp-content\/uploads\/2025\/05\/P7310822-1536x1152.jpg 1536w, https:\/\/brumed-marine.com\/home\/wp-content\/uploads\/2025\/05\/P7310822-2048x1536.jpg 2048w\" sizes=\"(max-width: 1045px) 100vw, 1045px\" \/><\/p><p>\u00a0<img decoding=\"async\" loading=\"lazy\" class=\"alignnone  wp-image-1646\" src=\"https:\/\/brumed-marine.com\/home\/wp-content\/uploads\/2018\/12\/3MARZO-2017-min-300x200.jpg\" alt=\"\" width=\"1226\" height=\"817\" srcset=\"https:\/\/brumed-marine.com\/home\/wp-content\/uploads\/2018\/12\/3MARZO-2017-min-300x200.jpg 300w, https:\/\/brumed-marine.com\/home\/wp-content\/uploads\/2018\/12\/3MARZO-2017-min-768x511.jpg 768w, https:\/\/brumed-marine.com\/home\/wp-content\/uploads\/2018\/12\/3MARZO-2017-min.jpg 1000w\" sizes=\"(max-width: 1226px) 100vw, 1226px\" \/><\/p><p><img decoding=\"async\" loading=\"lazy\" class=\"alignnone  wp-image-2011\" src=\"https:\/\/brumed-marine.com\/home\/wp-content\/uploads\/2025\/05\/IMG-20140812-00201-300x225.jpg\" alt=\"\" width=\"1111\" height=\"833\" srcset=\"https:\/\/brumed-marine.com\/home\/wp-content\/uploads\/2025\/05\/IMG-20140812-00201-300x225.jpg 300w, https:\/\/brumed-marine.com\/home\/wp-content\/uploads\/2025\/05\/IMG-20140812-00201-1024x768.jpg 1024w, https:\/\/brumed-marine.com\/home\/wp-content\/uploads\/2025\/05\/IMG-20140812-00201-768x576.jpg 768w, https:\/\/brumed-marine.com\/home\/wp-content\/uploads\/2025\/05\/IMG-20140812-00201-1536x1152.jpg 1536w, https:\/\/brumed-marine.com\/home\/wp-content\/uploads\/2025\/05\/IMG-20140812-00201-2048x1536.jpg 2048w\" sizes=\"(max-width: 1111px) 100vw, 1111px\" \/><\/p><p><img decoding=\"async\" loading=\"lazy\" class=\"alignnone wp-image-2013\" src=\"https:\/\/brumed-marine.com\/home\/wp-content\/uploads\/2025\/05\/20240705_140602-300x225.jpg\" alt=\"\" width=\"1068\" height=\"801\" srcset=\"https:\/\/brumed-marine.com\/home\/wp-content\/uploads\/2025\/05\/20240705_140602-300x225.jpg 300w, https:\/\/brumed-marine.com\/home\/wp-content\/uploads\/2025\/05\/20240705_140602-1024x768.jpg 1024w, https:\/\/brumed-marine.com\/home\/wp-content\/uploads\/2025\/05\/20240705_140602-768x576.jpg 768w, https:\/\/brumed-marine.com\/home\/wp-content\/uploads\/2025\/05\/20240705_140602.jpg 1400w\" sizes=\"(max-width: 1068px) 100vw, 1068px\" \/><\/p><p><img decoding=\"async\" loading=\"lazy\" class=\" wp-image-2009\" src=\"https:\/\/brumed-marine.com\/home\/wp-content\/uploads\/2025\/05\/P7310824-225x300.jpg\" alt=\"\" width=\"439\" height=\"585\" srcset=\"https:\/\/brumed-marine.com\/home\/wp-content\/uploads\/2025\/05\/P7310824-225x300.jpg 225w, https:\/\/brumed-marine.com\/home\/wp-content\/uploads\/2025\/05\/P7310824-768x1024.jpg 768w, https:\/\/brumed-marine.com\/home\/wp-content\/uploads\/2025\/05\/P7310824-1152x1536.jpg 1152w, https:\/\/brumed-marine.com\/home\/wp-content\/uploads\/2025\/05\/P7310824-1536x2048.jpg 1536w, https:\/\/brumed-marine.com\/home\/wp-content\/uploads\/2025\/05\/P7310824-scaled.jpg 1920w\" sizes=\"(max-width: 439px) 100vw, 439px\" \/><\/p><div>\u00a0<\/div>\t\t\t\t\t<\/div>\n\t\t\t\t\t\t<\/div>\n\t\t\t\t<\/div>\n\t\t\t\t\t\t<\/div>\n\t\t\t\t\t<\/div>\n\t\t<\/div>\n\t\t\t\t\t\t\t\t<\/div>\n\t\t\t\t\t<\/div>\n\t\t<\/section>\n\t\t\t\t\t\t\t\t\t<\/div>\n\t\t\t<\/div>\n\t\t\t\t\t<\/div>\n\t\t","protected":false},"excerpt":{"rendered":"<p>A continuaci\u00f3n les mostramos algunos ejemplos de peritajes navales realizados por BruMed Marine Surveyors. Dichas peritaciones navales se han realizado a requerimiento de las diferentes partes intervinientes en el negocio mar\u00edtimo, tales como, armadores, brokers de yates, asegurados, compa\u00f1\u00edas aseguradoras, entidades judiciales, abogados maritimistas, talleres navales, gabinetes periciales con los que colaboramos, etc. \u00a0 \u00a0<\/p>\n","protected":false},"author":2,"featured_media":1788,"parent":0,"menu_order":9,"comment_status":"closed","ping_status":"open","template":"","meta":[],"yoast_head":"<!-- This site is optimized with the Yoast SEO plugin v20.12 - https:\/\/yoast.com\/wordpress\/plugins\/seo\/ -->\n<title>Trabajos recientes | BruMed Marine Surveyors<\/title>\n<meta name=\"robots\" content=\"index, follow, max-snippet:-1, max-image-preview:large, max-video-preview:-1\" \/>\n<link rel=\"canonical\" href=\"https:\/\/brumed-marine.com\/home\/?page_id=121\" \/>\n<meta property=\"og:locale\" content=\"es_ES\" \/>\n<meta property=\"og:type\" content=\"article\" \/>\n<meta property=\"og:title\" content=\"Trabajos recientes | BruMed Marine Surveyors\" \/>\n<meta property=\"og:description\" content=\"A continuaci\u00f3n les mostramos algunos ejemplos de peritajes navales realizados por BruMed Marine Surveyors. Dichas peritaciones navales se han realizado a requerimiento de las diferentes partes intervinientes en el negocio mar\u00edtimo, tales como, armadores, brokers de yates, asegurados, compa\u00f1\u00edas aseguradoras, entidades judiciales, abogados maritimistas, talleres navales, gabinetes periciales con los que colaboramos, etc. \u00a0 \u00a0\" \/>\n<meta property=\"og:url\" content=\"https:\/\/brumed-marine.com\/home\/?page_id=121\" \/>\n<meta property=\"og:site_name\" content=\"BruMed Marine Surveyors\" \/>\n<meta property=\"article:modified_time\" content=\"2025-05-01T18:09:16+00:00\" \/>\n<meta property=\"og:image\" content=\"https:\/\/brumed-marine.com\/home\/wp-content\/uploads\/2019\/03\/portals-1-1024x576.jpg\" \/>\n\t<meta property=\"og:image:width\" content=\"1024\" \/>\n\t<meta property=\"og:image:height\" content=\"576\" \/>\n\t<meta property=\"og:image:type\" content=\"image\/jpeg\" \/>\n<meta name=\"twitter:card\" content=\"summary_large_image\" \/>\n<meta name=\"twitter:site\" content=\"@brumedmarine\" \/>\n<meta name=\"twitter:label1\" content=\"Tiempo de lectura\" \/>\n\t<meta name=\"twitter:data1\" content=\"2 minutos\" \/>\n<script type=\"application\/ld+json\" class=\"yoast-schema-graph\">{\"@context\":\"https:\/\/schema.org\",\"@graph\":[{\"@type\":\"WebPage\",\"@id\":\"https:\/\/brumed-marine.com\/home\/?page_id=121\",\"url\":\"https:\/\/brumed-marine.com\/home\/?page_id=121\",\"name\":\"Trabajos recientes | BruMed Marine Surveyors\",\"isPartOf\":{\"@id\":\"https:\/\/brumed-marine.com\/home\/#website\"},\"datePublished\":\"2010-01-04T13:07:48+00:00\",\"dateModified\":\"2025-05-01T18:09:16+00:00\",\"breadcrumb\":{\"@id\":\"https:\/\/brumed-marine.com\/home\/?page_id=121#breadcrumb\"},\"inLanguage\":\"es\",\"potentialAction\":[{\"@type\":\"ReadAction\",\"target\":[\"https:\/\/brumed-marine.com\/home\/?page_id=121\"]}]},{\"@type\":\"BreadcrumbList\",\"@id\":\"https:\/\/brumed-marine.com\/home\/?page_id=121#breadcrumb\",\"itemListElement\":[{\"@type\":\"ListItem\",\"position\":1,\"name\":\"Portada\",\"item\":\"https:\/\/brumed-marine.com\/home\/\"},{\"@type\":\"ListItem\",\"position\":2,\"name\":\"Trabajos recientes\"}]},{\"@type\":\"WebSite\",\"@id\":\"https:\/\/brumed-marine.com\/home\/#website\",\"url\":\"https:\/\/brumed-marine.com\/home\/\",\"name\":\"BruMed Marine Surveyors\",\"description\":\"Al servicio de la n\u00e1utica y de sus usuarios\",\"publisher\":{\"@id\":\"https:\/\/brumed-marine.com\/home\/#organization\"},\"potentialAction\":[{\"@type\":\"SearchAction\",\"target\":{\"@type\":\"EntryPoint\",\"urlTemplate\":\"https:\/\/brumed-marine.com\/home\/?s={search_term_string}\"},\"query-input\":\"required name=search_term_string\"}],\"inLanguage\":\"es\"},{\"@type\":\"Organization\",\"@id\":\"https:\/\/brumed-marine.com\/home\/#organization\",\"name\":\"BruMed Marine Surveyors\",\"url\":\"https:\/\/brumed-marine.com\/home\/\",\"logo\":{\"@type\":\"ImageObject\",\"inLanguage\":\"es\",\"@id\":\"https:\/\/brumed-marine.com\/home\/#\/schema\/logo\/image\/\",\"url\":\"https:\/\/brumed-marine.com\/home\/wp-content\/uploads\/2018\/07\/cropped-Logo-BMS-Lloyds-finalitzat-e1534070371548.png\",\"contentUrl\":\"https:\/\/brumed-marine.com\/home\/wp-content\/uploads\/2018\/07\/cropped-Logo-BMS-Lloyds-finalitzat-e1534070371548.png\",\"width\":704,\"height\":204,\"caption\":\"BruMed Marine Surveyors\"},\"image\":{\"@id\":\"https:\/\/brumed-marine.com\/home\/#\/schema\/logo\/image\/\"},\"sameAs\":[\"https:\/\/twitter.com\/brumedmarine\"]}]}<\/script>\n<!-- \/ Yoast SEO plugin. -->","yoast_head_json":{"title":"Trabajos recientes | BruMed Marine Surveyors","robots":{"index":"index","follow":"follow","max-snippet":"max-snippet:-1","max-image-preview":"max-image-preview:large","max-video-preview":"max-video-preview:-1"},"canonical":"https:\/\/brumed-marine.com\/home\/?page_id=121","og_locale":"es_ES","og_type":"article","og_title":"Trabajos recientes | BruMed Marine Surveyors","og_description":"A continuaci\u00f3n les mostramos algunos ejemplos de peritajes navales realizados por BruMed Marine Surveyors. Dichas peritaciones navales se han realizado a requerimiento de las diferentes partes intervinientes en el negocio mar\u00edtimo, tales como, armadores, brokers de yates, asegurados, compa\u00f1\u00edas aseguradoras, entidades judiciales, abogados maritimistas, talleres navales, gabinetes periciales con los que colaboramos, etc. \u00a0 \u00a0","og_url":"https:\/\/brumed-marine.com\/home\/?page_id=121","og_site_name":"BruMed Marine Surveyors","article_modified_time":"2025-05-01T18:09:16+00:00","og_image":[{"width":1024,"height":576,"url":"https:\/\/brumed-marine.com\/home\/wp-content\/uploads\/2019\/03\/portals-1-1024x576.jpg","type":"image\/jpeg"}],"twitter_card":"summary_large_image","twitter_site":"@brumedmarine","twitter_misc":{"Tiempo de lectura":"2 minutos"},"schema":{"@context":"https:\/\/schema.org","@graph":[{"@type":"WebPage","@id":"https:\/\/brumed-marine.com\/home\/?page_id=121","url":"https:\/\/brumed-marine.com\/home\/?page_id=121","name":"Trabajos recientes | BruMed Marine Surveyors","isPartOf":{"@id":"https:\/\/brumed-marine.com\/home\/#website"},"datePublished":"2010-01-04T13:07:48+00:00","dateModified":"2025-05-01T18:09:16+00:00","breadcrumb":{"@id":"https:\/\/brumed-marine.com\/home\/?page_id=121#breadcrumb"},"inLanguage":"es","potentialAction":[{"@type":"ReadAction","target":["https:\/\/brumed-marine.com\/home\/?page_id=121"]}]},{"@type":"BreadcrumbList","@id":"https:\/\/brumed-marine.com\/home\/?page_id=121#breadcrumb","itemListElement":[{"@type":"ListItem","position":1,"name":"Portada","item":"https:\/\/brumed-marine.com\/home\/"},{"@type":"ListItem","position":2,"name":"Trabajos recientes"}]},{"@type":"WebSite","@id":"https:\/\/brumed-marine.com\/home\/#website","url":"https:\/\/brumed-marine.com\/home\/","name":"BruMed Marine Surveyors","description":"Al servicio de la n\u00e1utica y de sus usuarios","publisher":{"@id":"https:\/\/brumed-marine.com\/home\/#organization"},"potentialAction":[{"@type":"SearchAction","target":{"@type":"EntryPoint","urlTemplate":"https:\/\/brumed-marine.com\/home\/?s={search_term_string}"},"query-input":"required name=search_term_string"}],"inLanguage":"es"},{"@type":"Organization","@id":"https:\/\/brumed-marine.com\/home\/#organization","name":"BruMed Marine Surveyors","url":"https:\/\/brumed-marine.com\/home\/","logo":{"@type":"ImageObject","inLanguage":"es","@id":"https:\/\/brumed-marine.com\/home\/#\/schema\/logo\/image\/","url":"https:\/\/brumed-marine.com\/home\/wp-content\/uploads\/2018\/07\/cropped-Logo-BMS-Lloyds-finalitzat-e1534070371548.png","contentUrl":"https:\/\/brumed-marine.com\/home\/wp-content\/uploads\/2018\/07\/cropped-Logo-BMS-Lloyds-finalitzat-e1534070371548.png","width":704,"height":204,"caption":"BruMed Marine Surveyors"},"image":{"@id":"https:\/\/brumed-marine.com\/home\/#\/schema\/logo\/image\/"},"sameAs":["https:\/\/twitter.com\/brumedmarine"]}]}},"_links":{"self":[{"href":"https:\/\/brumed-marine.com\/home\/index.php?rest_route=\/wp\/v2\/pages\/121"}],"collection":[{"href":"https:\/\/brumed-marine.com\/home\/index.php?rest_route=\/wp\/v2\/pages"}],"about":[{"href":"https:\/\/brumed-marine.com\/home\/index.php?rest_route=\/wp\/v2\/types\/page"}],"author":[{"embeddable":true,"href":"https:\/\/brumed-marine.com\/home\/index.php?rest_route=\/wp\/v2\/users\/2"}],"replies":[{"embeddable":true,"href":"https:\/\/brumed-marine.com\/home\/index.php?rest_route=%2Fwp%2Fv2%2Fcomments&post=121"}],"version-history":[{"count":8,"href":"https:\/\/brumed-marine.com\/home\/index.php?rest_route=\/wp\/v2\/pages\/121\/revisions"}],"predecessor-version":[{"id":2025,"href":"https:\/\/brumed-marine.com\/home\/index.php?rest_route=\/wp\/v2\/pages\/121\/revisions\/2025"}],"wp:featuredmedia":[{"embeddable":true,"href":"https:\/\/brumed-marine.com\/home\/index.php?rest_route=\/wp\/v2\/media\/1788"}],"wp:attachment":[{"href":"https:\/\/brumed-marine.com\/home\/index.php?rest_route=%2Fwp%2Fv2%2Fmedia&parent=121"}],"curies":[{"name":"wp","href":"https:\/\/api.w.org\/{rel}","templated":true}]}}